{"id":1278,"date":"2026-02-25T10:41:25","date_gmt":"2026-02-25T10:41:25","guid":{"rendered":"https:\/\/behaviouraleconomicshub.com\/?page_id=1278"},"modified":"2026-04-03T06:13:49","modified_gmt":"2026-04-03T06:13:49","slug":"curs-bcw-oradea","status":"publish","type":"page","link":"https:\/\/behaviouraleconomicshub.com\/index.php\/curs-bcw-oradea\/","title":{"rendered":"Curs metodologia BCW Oradea"},"content":{"rendered":"\t\t<div data-elementor-type=\"wp-page\" data-elementor-id=\"1278\" class=\"elementor elementor-1278\">\n\t\t\t\t<div class=\"elementor-element elementor-element-41b5c590 e-con-full e-flex e-con e-parent\" data-id=\"41b5c590\" data-element_type=\"container\">\n\t\t\t\t<div class=\"elementor-element elementor-element-13836afc elementor-widget elementor-widget-image\" data-id=\"13836afc\" data-element_type=\"widget\" data-widget_type=\"image.default\">\n\t\t\t\t<div class=\"elementor-widget-container\">\n\t\t\t<style>\/*! elementor - v3.23.0 - 05-08-2024 *\/\n.elementor-widget-image{text-align:center}.elementor-widget-image a{display:inline-block}.elementor-widget-image a img[src$=\".svg\"]{width:48px}.elementor-widget-image img{vertical-align:middle;display:inline-block}<\/style>\t\t\t\t\t\t\t\t\t\t\t<a href=\"https:\/\/forms.gle\/AfYGbdztaxdHXDLw6\" target=\"_blank\">\n\t\t\t\t\t\t\t<img fetchpriority=\"high\" decoding=\"async\" width=\"1920\" height=\"1080\" src=\"https:\/\/behaviouraleconomicshub.com\/wp-content\/uploads\/2026\/02\/BEhub-Oradea-banner-principal-site-.png\" class=\"attachment-full size-full wp-image-1271\" alt=\"\" srcset=\"https:\/\/behaviouraleconomicshub.com\/wp-content\/uploads\/2026\/02\/BEhub-Oradea-banner-principal-site-.png 1920w, https:\/\/behaviouraleconomicshub.com\/wp-content\/uploads\/2026\/02\/BEhub-Oradea-banner-principal-site--300x169.png 300w, https:\/\/behaviouraleconomicshub.com\/wp-content\/uploads\/2026\/02\/BEhub-Oradea-banner-principal-site--1024x576.png 1024w, https:\/\/behaviouraleconomicshub.com\/wp-content\/uploads\/2026\/02\/BEhub-Oradea-banner-principal-site--768x432.png 768w, https:\/\/behaviouraleconomicshub.com\/wp-content\/uploads\/2026\/02\/BEhub-Oradea-banner-principal-site--1536x864.png 1536w\" sizes=\"(max-width: 1920px) 100vw, 1920px\" \/>\t\t\t\t\t\t\t\t<\/a>\n\t\t\t\t\t\t\t\t\t\t\t\t\t<\/div>\n\t\t\t\t<\/div>\n\t\t\t\t<\/div>\n\t\t<div class=\"elementor-element elementor-element-6f0f2a2f e-flex e-con-boxed e-con e-parent\" data-id=\"6f0f2a2f\" data-element_type=\"container\">\n\t\t\t\t\t<div class=\"e-con-inner\">\n\t\t\t\t<div class=\"elementor-element elementor-element-1910a122 elementor-widget elementor-widget-heading\" data-id=\"1910a122\" data-element_type=\"widget\" data-widget_type=\"heading.default\">\n\t\t\t\t<div class=\"elementor-widget-container\">\n\t\t\t<style>\/*! elementor - v3.23.0 - 05-08-2024 *\/\n.elementor-heading-title{padding:0;margin:0;line-height:1}.elementor-widget-heading .elementor-heading-title[class*=elementor-size-]>a{color:inherit;font-size:inherit;line-height:inherit}.elementor-widget-heading .elementor-heading-title.elementor-size-small{font-size:15px}.elementor-widget-heading .elementor-heading-title.elementor-size-medium{font-size:19px}.elementor-widget-heading .elementor-heading-title.elementor-size-large{font-size:29px}.elementor-widget-heading .elementor-heading-title.elementor-size-xl{font-size:39px}.elementor-widget-heading .elementor-heading-title.elementor-size-xxl{font-size:59px}<\/style><h2 class=\"elementor-heading-title elementor-size-default\">Despre Psihologia \u0219i Economia din spatele deciziilor noastre (i)ra\u021bionale:\n\n<\/h2>\t\t<\/div>\n\t\t\t\t<\/div>\n\t\t\t\t<div class=\"elementor-element elementor-element-72bf18fa elementor-widget elementor-widget-heading\" data-id=\"72bf18fa\" data-element_type=\"widget\" data-widget_type=\"heading.default\">\n\t\t\t\t<div class=\"elementor-widget-container\">\n\t\t\t<h2 class=\"elementor-heading-title elementor-size-default\">SCHIMB\u0102RILE COMPORTAMENTALE \u00ceN ORGANIZA\u0162II\n\n<\/h2>\t\t<\/div>\n\t\t\t\t<\/div>\n\t\t\t\t<div class=\"elementor-element elementor-element-7cef1a2b elementor-widget elementor-widget-heading\" data-id=\"7cef1a2b\" data-element_type=\"widget\" data-widget_type=\"heading.default\">\n\t\t\t\t<div class=\"elementor-widget-container\">\n\t\t\t<h2 class=\"elementor-heading-title elementor-size-default\">Utiliz\u00e2nd metodologia BCW*\n<\/h2>\t\t<\/div>\n\t\t\t\t<\/div>\n\t\t\t\t<div class=\"elementor-element elementor-element-633b4ac6 elementor-widget elementor-widget-text-editor\" data-id=\"633b4ac6\" data-element_type=\"widget\" data-widget_type=\"text-editor.default\">\n\t\t\t\t<div class=\"elementor-widget-container\">\n\t\t\t<style>\/*! elementor - v3.23.0 - 05-08-2024 *\/\n.elementor-widget-text-editor.elementor-drop-cap-view-stacked .elementor-drop-cap{background-color:#69727d;color:#fff}.elementor-widget-text-editor.elementor-drop-cap-view-framed .elementor-drop-cap{color:#69727d;border:3px solid;background-color:transparent}.elementor-widget-text-editor:not(.elementor-drop-cap-view-default) .elementor-drop-cap{margin-top:8px}.elementor-widget-text-editor:not(.elementor-drop-cap-view-default) .elementor-drop-cap-letter{width:1em;height:1em}.elementor-widget-text-editor .elementor-drop-cap{float:left;text-align:center;line-height:1;font-size:50px}.elementor-widget-text-editor .elementor-drop-cap-letter{display:inline-block}<\/style>\t\t\t\t<h2><b>Contextul evenimentului:<\/b><\/h2><p><span style=\"font-weight: 400;\">Dac\u0103 credem c\u0103, pentru a ne atinge obiectivele de business, e nevoie doar s\u0103 gestion\u0103m \u00een mod ra\u021bional oamenii \u0219i proiectele din organiza\u021biile din care facem parte, risc\u0103m s\u0103 \u2026\u00a0ne \u00een\u0219el\u0103m amarnic!\u00a0C\u0103ci, \u00een realitate, mediul de afaceri (la fel ca \u0219i cel personal, de altfel) e dominat mai degrab\u0103 de decizii umane Ira\u021bionale, dec\u00e2t\u00a0Ra\u021bionale. Din acest motiv, devine absolut necesar s\u0103 ne dezvolt\u0103m abilit\u0103\u021bile \u0219i competen\u021bele corespunz\u0103toare gestion\u0103rii unui astfel de context.<\/span><\/p><h2><b>Descrierea evenimentului:<\/b><\/h2><p><span style=\"font-weight: 400;\">Astfel, pe parcursul acestui\u00a0curs, vom \u00een\u021belege mai bine\u00a0comportamentul uman real, cu capacitatea sa limitat\u0103 de ra\u021bionalizare, astfel \u00eenc\u00e2t s\u0103 nu mai ignor\u0103m faptul c\u0103 \u00een numeroase situa\u021bii oamenii\u00a0decid mai degrab\u0103 sub imboldul emo\u021biilor, dec\u00e2t al ra\u021biunii.\u00a0Bazat pe cele mai recente informa\u021bii \u0219i practici \u00een \u0219tiin\u021bele comportamentale \/ economia comportamental\u0103,\u00a0cursul te va ajuta s\u0103-i convingi pe cei din jurul t\u0103u s\u0103 fac\u0103 alegerile necesare sau s\u0103 aib\u0103 un anumit comportament.<\/span><\/p><p><span style=\"font-weight: 400;\">Acest training se adreseaz\u0103\u00a0reprezentan\u021bilor mediului de afaceri:\u00a0persoane de decizie din companii\u00a0(C Level, directori, manageri, team leaderi), precum \u0219i\u00a0speciali\u0219tilor din v\u00e2nz\u0103ri, marketing, managementul produselor, rela\u021bii cu clien\u021bii sau resurse umane.<\/span><\/p>\t\t\t\t\t\t<\/div>\n\t\t\t\t<\/div>\n\t\t\t\t<div class=\"elementor-element elementor-element-27c81f67 elementor-align-center elementor-widget elementor-widget-button\" data-id=\"27c81f67\" data-element_type=\"widget\" data-widget_type=\"button.default\">\n\t\t\t\t<div class=\"elementor-widget-container\">\n\t\t\t\t\t<div class=\"elementor-button-wrapper\">\n\t\t\t<a class=\"elementor-button elementor-button-link elementor-size-sm\" href=\"https:\/\/forms.gle\/AfYGbdztaxdHXDLw6\" target=\"_blank\">\n\t\t\t\t\t\t<span class=\"elementor-button-content-wrapper\">\n\t\t\t\t\t\t\t\t\t<span class=\"elementor-button-text\">\u00ceNREGISTREAZ\u0102-TE AICI<\/span>\n\t\t\t\t\t<\/span>\n\t\t\t\t\t<\/a>\n\t\t<\/div>\n\t\t\t\t<\/div>\n\t\t\t\t<\/div>\n\t\t\t\t\t<\/div>\n\t\t\t\t<\/div>\n\t\t<div class=\"elementor-element elementor-element-7b85b75f e-flex e-con-boxed e-con e-parent\" data-id=\"7b85b75f\" data-element_type=\"container\">\n\t\t\t\t\t<div class=\"e-con-inner\">\n\t\t\t\t<div class=\"elementor-element elementor-element-35a72d5 elementor-widget elementor-widget-text-editor\" data-id=\"35a72d5\" data-element_type=\"widget\" data-widget_type=\"text-editor.default\">\n\t\t\t\t<div class=\"elementor-widget-container\">\n\t\t\t\t\t\t\t<h3>Principalele teme abordate:<\/h3><ul><li>\u2022 De ce oamenii se comport\u0103 ira\u021bional &#8230; \u00een mod predictibil?<\/li><li>\u2022 Sistemul de g\u00e2ndire Automat (S1) vs. Sistemul Reflexiv (S2);<\/li><li>\u2022 Codexul biasurilor cognitive: cele peste 180 de erori de judecat\u0103 umane;<\/li><li>\u2022 Cele mai frecvente 10 biasuri cognitive (erori de judecat\u0103) care apar \u00een timpul procesului de luare a deciziilor;<\/li><li>\u2022 Conceptul de \u201cnudge\u201d: imbold gentil \u00een direc\u021bia schimb\u0103rii comportamentelor;<\/li><li>\u2022 Metodologia BCW* (Behaviour Change Wheel) de schimbare a comportamentelor \u00een organiza\u021bii, dezvoltat\u0103 de c\u0103tre University College London \u2013 Center for Behavioural Change.<\/li><\/ul><h3>\u00a0<\/h3><h3>Toate aceste subiecte te vor ajuta s\u0103:<\/h3><ul><li>\u2022 \u00cen\u021belegi cum \u0219i de ce indivizii iau decizii, ra\u021bionale, dar, mai ales &#8230; Ira\u021bionale;<\/li><li>\u2022 Recuno\u0219ti \u015fi analizezi situa\u021biile \u00een care apar comportamente ira\u021bionale;<\/li><li>\u2022 \u0218tii cum s\u0103 utilizezi nudge-urile \u00een modelarea comportamentelor \u00een firm\u0103;<\/li><li>\u2022 \u00cen\u021belege cum func\u021bioneaz\u0103 metodologia BCW (Behaviour Change Wheel) pentru schimbarea comportamentelor.<\/li><\/ul><h4>\u00a0<\/h4><h4>Cursul este conceput a se desf\u0103\u0219ura \u00eentr-un format interactiv, dinamic, cu discutarea a numeroase studii de caz, astfel \u00eenc\u00e2t temele abordate s\u0103 fie aplicabile \u00een via\u021ba cotidian\u0103 (profesional\u0103, dar \u0219i personal\u0103).<\/h4>\t\t\t\t\t\t<\/div>\n\t\t\t\t<\/div>\n\t\t\t\t\t<\/div>\n\t\t\t\t<\/div>\n\t\t<div class=\"elementor-element elementor-element-5f1d763f e-flex e-con-boxed e-con e-parent\" data-id=\"5f1d763f\" data-element_type=\"container\">\n\t\t\t\t\t<div class=\"e-con-inner\">\n\t\t\t\t<div class=\"elementor-element elementor-element-3e24ad7c elementor-widget elementor-widget-text-editor\" data-id=\"3e24ad7c\" data-element_type=\"widget\" data-widget_type=\"text-editor.default\">\n\t\t\t\t<div class=\"elementor-widget-container\">\n\t\t\t\t\t\t\t<h2><strong>Cine prezint\u0103 cursul:<\/strong><\/h2>\t\t\t\t\t\t<\/div>\n\t\t\t\t<\/div>\n\t\t<div class=\"elementor-element elementor-element-20fa7c33 e-grid e-con-full e-con e-child\" data-id=\"20fa7c33\" data-element_type=\"container\">\n\t\t\t\t<div class=\"elementor-element elementor-element-67e176c0 elementor-widget elementor-widget-text-editor\" data-id=\"67e176c0\" data-element_type=\"widget\" data-widget_type=\"text-editor.default\">\n\t\t\t\t<div class=\"elementor-widget-container\">\n\t\t\t\t\t\t\t<p>Dr. Alin T. B\u0103iescu, MBA, este un bine-cunoscut executiv \u00een domeniul financiar, fondator al Behavioural Economics HUB \u0219i profesor de Economie Comportamental\u0103.<\/p><p><span style=\"font-weight: 400;\">Este lider de modul \u015fi lector pentru disciplina Economie din cadrul programului Executive MBA al Universit\u0103\u021bii Buckingham, oferit \u00een Rom\u00e2nia de Transilvania Executive Education, profesor asociat la UBB (Universitatea Babe\u0219-Bolyai din Cluj) \u0219i director al programului Behavioral Economics in Practice Executive Training, de la TEE.\u00a0<\/span><\/p><p><span style=\"font-weight: 400;\">Dr. B\u0103iescu este licen\u021biat \u00een dou\u0103 metodologii pentru schimbarea comportamentelor \u00een organiza\u021bii: BCW (Behaviour Change Wheel, University College London, Marea Britanie) \u0219i BASIC (iNUDGEyou, Danemarca). Este editor a 15 c\u0103r\u021bi \u0219i a primit numeroase premii na\u021bionale \u0219i interna\u021bionale.<\/span><\/p>\t\t\t\t\t\t<\/div>\n\t\t\t\t<\/div>\n\t\t\t\t<div class=\"elementor-element elementor-element-f614d70 elementor-widget elementor-widget-image\" data-id=\"f614d70\" data-element_type=\"widget\" data-widget_type=\"image.default\">\n\t\t\t\t<div class=\"elementor-widget-container\">\n\t\t\t\t\t\t\t\t\t\t\t\t\t<img decoding=\"async\" src=\"https:\/\/behaviouraleconomicshub.com\/wp-content\/uploads\/elementor\/thumbs\/POSTERE-BROSURA-1920-x-1080-px-rgagyz0ekky01sr1ksd2hanfc9g28xx0fltq1tm84g.png\" title=\"POSTERE BROS\u0326URA\u0306 (1920 x 1080 px)\" alt=\"POSTERE BROS\u0326URA\u0306 (1920 x 1080 px)\" loading=\"lazy\" \/>\t\t\t\t\t\t\t\t\t\t\t\t\t<\/div>\n\t\t\t\t<\/div>\n\t\t\t\t<\/div>\n\t\t\t\t\t<\/div>\n\t\t\t\t<\/div>\n\t\t<div class=\"elementor-element elementor-element-252fe481 e-flex e-con-boxed e-con e-parent\" data-id=\"252fe481\" data-element_type=\"container\">\n\t\t\t\t\t<div class=\"e-con-inner\">\n\t\t\t\t<div class=\"elementor-element elementor-element-21a4d9e9 elementor-widget elementor-widget-text-editor\" data-id=\"21a4d9e9\" data-element_type=\"widget\" data-widget_type=\"text-editor.default\">\n\t\t\t\t<div class=\"elementor-widget-container\">\n\t\t\t\t\t\t\t<h2><strong>Detalii eveniment:<\/strong><\/h2>\t\t\t\t\t\t<\/div>\n\t\t\t\t<\/div>\n\t\t\t\t\t<\/div>\n\t\t\t\t<\/div>\n\t\t<div class=\"elementor-element elementor-element-4ea8911f e-con-full e-flex e-con e-parent\" data-id=\"4ea8911f\" data-element_type=\"container\">\n\t\t\t\t<div class=\"elementor-element elementor-element-37a47943 elementor-widget elementor-widget-image\" data-id=\"37a47943\" data-element_type=\"widget\" data-widget_type=\"image.default\">\n\t\t\t\t<div class=\"elementor-widget-container\">\n\t\t\t\t\t\t\t\t\t\t\t\t\t\t<a href=\"https:\/\/forms.gle\/AfYGbdztaxdHXDLw6\" target=\"_blank\">\n\t\t\t\t\t\t\t<img decoding=\"async\" width=\"1920\" height=\"1080\" src=\"https:\/\/behaviouraleconomicshub.com\/wp-content\/uploads\/2026\/04\/BEhub-Oradea-banner-secundar-site-2.png\" class=\"attachment-full size-full wp-image-1361\" alt=\"\" srcset=\"https:\/\/behaviouraleconomicshub.com\/wp-content\/uploads\/2026\/04\/BEhub-Oradea-banner-secundar-site-2.png 1920w, https:\/\/behaviouraleconomicshub.com\/wp-content\/uploads\/2026\/04\/BEhub-Oradea-banner-secundar-site-2-300x169.png 300w, https:\/\/behaviouraleconomicshub.com\/wp-content\/uploads\/2026\/04\/BEhub-Oradea-banner-secundar-site-2-1024x576.png 1024w, https:\/\/behaviouraleconomicshub.com\/wp-content\/uploads\/2026\/04\/BEhub-Oradea-banner-secundar-site-2-768x432.png 768w, https:\/\/behaviouraleconomicshub.com\/wp-content\/uploads\/2026\/04\/BEhub-Oradea-banner-secundar-site-2-1536x864.png 1536w\" sizes=\"(max-width: 1920px) 100vw, 1920px\" \/>\t\t\t\t\t\t\t\t<\/a>\n\t\t\t\t\t\t\t\t\t\t\t\t\t<\/div>\n\t\t\t\t<\/div>\n\t\t\t\t<div class=\"elementor-element elementor-element-27e69d73 elementor-align-center elementor-widget elementor-widget-button\" data-id=\"27e69d73\" data-element_type=\"widget\" data-widget_type=\"button.default\">\n\t\t\t\t<div class=\"elementor-widget-container\">\n\t\t\t\t\t<div class=\"elementor-button-wrapper\">\n\t\t\t<a class=\"elementor-button elementor-button-link elementor-size-sm\" href=\"https:\/\/forms.gle\/AfYGbdztaxdHXDLw6\" target=\"_blank\">\n\t\t\t\t\t\t<span class=\"elementor-button-content-wrapper\">\n\t\t\t\t\t\t\t\t\t<span class=\"elementor-button-text\">\u00ceNREGISTREAZ\u0102-TE AICI<\/span>\n\t\t\t\t\t<\/span>\n\t\t\t\t\t<\/a>\n\t\t<\/div>\n\t\t\t\t<\/div>\n\t\t\t\t<\/div>\n\t\t\t\t<div class=\"elementor-element elementor-element-5ee563b0 elementor-widget elementor-widget-spacer\" data-id=\"5ee563b0\" data-element_type=\"widget\" data-widget_type=\"spacer.default\">\n\t\t\t\t<div class=\"elementor-widget-container\">\n\t\t\t<style>\/*! elementor - v3.23.0 - 05-08-2024 *\/\n.elementor-column .elementor-spacer-inner{height:var(--spacer-size)}.e-con{--container-widget-width:100%}.e-con-inner>.elementor-widget-spacer,.e-con>.elementor-widget-spacer{width:var(--container-widget-width,var(--spacer-size));--align-self:var(--container-widget-align-self,initial);--flex-shrink:0}.e-con-inner>.elementor-widget-spacer>.elementor-widget-container,.e-con>.elementor-widget-spacer>.elementor-widget-container{height:100%;width:100%}.e-con-inner>.elementor-widget-spacer>.elementor-widget-container>.elementor-spacer,.e-con>.elementor-widget-spacer>.elementor-widget-container>.elementor-spacer{height:100%}.e-con-inner>.elementor-widget-spacer>.elementor-widget-container>.elementor-spacer>.elementor-spacer-inner,.e-con>.elementor-widget-spacer>.elementor-widget-container>.elementor-spacer>.elementor-spacer-inner{height:var(--container-widget-height,var(--spacer-size))}.e-con-inner>.elementor-widget-spacer.elementor-widget-empty,.e-con>.elementor-widget-spacer.elementor-widget-empty{position:relative;min-height:22px;min-width:22px}.e-con-inner>.elementor-widget-spacer.elementor-widget-empty .elementor-widget-empty-icon,.e-con>.elementor-widget-spacer.elementor-widget-empty .elementor-widget-empty-icon{position:absolute;top:0;bottom:0;left:0;right:0;margin:auto;padding:0;width:22px;height:22px}<\/style>\t\t<div class=\"elementor-spacer\">\n\t\t\t<div class=\"elementor-spacer-inner\"><\/div>\n\t\t<\/div>\n\t\t\t\t<\/div>\n\t\t\t\t<\/div>\n\t\t\t\t<\/div>\n\t\t\t\t<\/div>\n\t\t","protected":false},"excerpt":{"rendered":"<p>Despre Psihologia \u0219i Economia din spatele deciziilor noastre (i)ra\u021bionale: SCHIMB\u0102RILE COMPORTAMENTALE \u00ceN ORGANIZA\u0162II Utiliz\u00e2nd metodologia BCW* Contextul evenimentului: Dac\u0103 credem c\u0103, pentru a ne atinge obiectivele de business, e nevoie doar s\u0103 gestion\u0103m \u00een mod ra\u021bional oamenii \u0219i proiectele din organiza\u021biile din care facem parte, risc\u0103m s\u0103 \u2026\u00a0ne \u00een\u0219el\u0103m amarnic!\u00a0C\u0103ci, \u00een realitate, mediul de afaceri<\/p>\n","protected":false},"author":1,"featured_media":0,"parent":0,"menu_order":0,"comment_status":"closed","ping_status":"closed","template":"","meta":{"footnotes":""},"class_list":["post-1278","page","type-page","status-publish","hentry"],"_links":{"self":[{"href":"https:\/\/behaviouraleconomicshub.com\/index.php\/wp-json\/wp\/v2\/pages\/1278","targetHints":{"allow":["GET"]}}],"collection":[{"href":"https:\/\/behaviouraleconomicshub.com\/index.php\/wp-json\/wp\/v2\/pages"}],"about":[{"href":"https:\/\/behaviouraleconomicshub.com\/index.php\/wp-json\/wp\/v2\/types\/page"}],"author":[{"embeddable":true,"href":"https:\/\/behaviouraleconomicshub.com\/index.php\/wp-json\/wp\/v2\/users\/1"}],"replies":[{"embeddable":true,"href":"https:\/\/behaviouraleconomicshub.com\/index.php\/wp-json\/wp\/v2\/comments?post=1278"}],"version-history":[{"count":11,"href":"https:\/\/behaviouraleconomicshub.com\/index.php\/wp-json\/wp\/v2\/pages\/1278\/revisions"}],"predecessor-version":[{"id":1364,"href":"https:\/\/behaviouraleconomicshub.com\/index.php\/wp-json\/wp\/v2\/pages\/1278\/revisions\/1364"}],"wp:attachment":[{"href":"https:\/\/behaviouraleconomicshub.com\/index.php\/wp-json\/wp\/v2\/media?parent=1278"}],"curies":[{"name":"wp","href":"https:\/\/api.w.org\/{rel}","templated":true}]}}