{"id":571,"date":"2024-08-22T11:08:44","date_gmt":"2024-08-22T11:08:44","guid":{"rendered":"https:\/\/behaviouraleconomicshub.com\/?page_id=571"},"modified":"2024-10-23T11:42:05","modified_gmt":"2024-10-23T11:42:05","slug":"elementor-571","status":"publish","type":"page","link":"https:\/\/behaviouraleconomicshub.com\/index.php\/elementor-571\/","title":{"rendered":"The Founder"},"content":{"rendered":"\t\t<div data-elementor-type=\"wp-page\" data-elementor-id=\"571\" class=\"elementor elementor-571\">\n\t\t\t\t<div class=\"elementor-element elementor-element-18865b3 e-flex e-con-boxed e-con e-parent\" data-id=\"18865b3\" data-element_type=\"container\">\n\t\t\t\t\t<div class=\"e-con-inner\">\n\t\t<div class=\"elementor-element elementor-element-b546e4f e-con-full e-flex e-con e-child\" data-id=\"b546e4f\" data-element_type=\"container\">\n\t\t\t\t<div class=\"elementor-element elementor-element-0a9a50c elementor-widget elementor-widget-heading\" data-id=\"0a9a50c\" data-element_type=\"widget\" data-widget_type=\"heading.default\">\n\t\t\t\t<div class=\"elementor-widget-container\">\n\t\t\t<style>\/*! elementor - v3.23.0 - 05-08-2024 *\/\n.elementor-heading-title{padding:0;margin:0;line-height:1}.elementor-widget-heading .elementor-heading-title[class*=elementor-size-]>a{color:inherit;font-size:inherit;line-height:inherit}.elementor-widget-heading .elementor-heading-title.elementor-size-small{font-size:15px}.elementor-widget-heading .elementor-heading-title.elementor-size-medium{font-size:19px}.elementor-widget-heading .elementor-heading-title.elementor-size-large{font-size:29px}.elementor-widget-heading .elementor-heading-title.elementor-size-xl{font-size:39px}.elementor-widget-heading .elementor-heading-title.elementor-size-xxl{font-size:59px}<\/style><h2 class=\"elementor-heading-title elementor-size-default\">Dr. Alin T. B\u0103iescu, MBA <\/h2>\t\t<\/div>\n\t\t\t\t<\/div>\n\t\t\t\t<div class=\"elementor-element elementor-element-473a48a elementor-widget elementor-widget-text-editor\" data-id=\"473a48a\" data-element_type=\"widget\" data-widget_type=\"text-editor.default\">\n\t\t\t\t<div class=\"elementor-widget-container\">\n\t\t\t<style>\/*! elementor - v3.23.0 - 05-08-2024 *\/\n.elementor-widget-text-editor.elementor-drop-cap-view-stacked .elementor-drop-cap{background-color:#69727d;color:#fff}.elementor-widget-text-editor.elementor-drop-cap-view-framed .elementor-drop-cap{color:#69727d;border:3px solid;background-color:transparent}.elementor-widget-text-editor:not(.elementor-drop-cap-view-default) .elementor-drop-cap{margin-top:8px}.elementor-widget-text-editor:not(.elementor-drop-cap-view-default) .elementor-drop-cap-letter{width:1em;height:1em}.elementor-widget-text-editor .elementor-drop-cap{float:left;text-align:center;line-height:1;font-size:50px}.elementor-widget-text-editor .elementor-drop-cap-letter{display:inline-block}<\/style>\t\t\t\t<p><span style=\"font-weight: 400;\">The Behavioural Economics HUB was founded in 2022, by <\/span><b>Dr. Alin. T. B\u0103iescu<\/b><span style=\"font-weight: 400;\">, MBA.<\/span><\/p><p><span style=\"font-weight: 400;\">Dr. B\u0103iescu has\u00a0around <\/span><b>25 years<\/b><span style=\"font-weight: 400;\"> of experience in the <\/span><b>financial \u2013 insurance<\/b><span style=\"font-weight: 400;\"> sector, in middle and top management positions, within well-known multinational corporations (such as AIG \/ MetLife &#8211; USA, Raiffeisen &#8211; Austria, Eureko \/ Achmea \u2013 The Netherlands, Garanta \/ Ethniki \u2013 Greece, AEGON &#8211; The Netherlands, VIG \/ Asirom &#8211; Austria). Since 2020, he is also a Board Member at TEE, as Alumni Representative.<\/span><\/p><p><span style=\"font-weight: 400;\">Alin T. B\u0103iescu <\/span><b>graduated Economics<\/b><span style=\"font-weight: 400;\"> at the Babe\u0219-Bolyai University in Cluj (1999), holds a <\/span><b>Ph.D. in Finance<\/b><span style=\"font-weight: 400;\"> within the Lucian Blaga University of Sibiu (2011), an <\/span><b>Executive MBA<\/b><span style=\"font-weight: 400;\"> at the University of Hull \u2013 UK (2019), and also a <\/span><b>Master\u2019s Degree<\/b><span style=\"font-weight: 400;\"> in <\/span><b>Behavioural Economics<\/b><span style=\"font-weight: 400;\"> with the University of Bucharest (2024).\u00a0<\/span><\/p>\t\t\t\t\t\t<\/div>\n\t\t\t\t<\/div>\n\t\t\t\t<\/div>\n\t\t<div class=\"elementor-element elementor-element-5173eff e-con-full e-flex e-con e-child\" data-id=\"5173eff\" data-element_type=\"container\">\n\t\t\t\t<div class=\"elementor-element elementor-element-135fcdf elementor-widget elementor-widget-image\" data-id=\"135fcdf\" data-element_type=\"widget\" data-widget_type=\"image.default\">\n\t\t\t\t<div class=\"elementor-widget-container\">\n\t\t\t<style>\/*! elementor - v3.23.0 - 05-08-2024 *\/\n.elementor-widget-image{text-align:center}.elementor-widget-image a{display:inline-block}.elementor-widget-image a img[src$=\".svg\"]{width:48px}.elementor-widget-image img{vertical-align:middle;display:inline-block}<\/style>\t\t\t\t\t\t\t\t\t\t<img fetchpriority=\"high\" decoding=\"async\" width=\"1024\" height=\"684\" src=\"https:\/\/behaviouraleconomicshub.com\/wp-content\/uploads\/2024\/10\/Foto-7-1024x684.jpg\" class=\"attachment-large size-large wp-image-1108\" alt=\"\" srcset=\"https:\/\/behaviouraleconomicshub.com\/wp-content\/uploads\/2024\/10\/Foto-7-1024x684.jpg 1024w, https:\/\/behaviouraleconomicshub.com\/wp-content\/uploads\/2024\/10\/Foto-7-300x200.jpg 300w, https:\/\/behaviouraleconomicshub.com\/wp-content\/uploads\/2024\/10\/Foto-7-768x513.jpg 768w, https:\/\/behaviouraleconomicshub.com\/wp-content\/uploads\/2024\/10\/Foto-7-1536x1025.jpg 1536w, https:\/\/behaviouraleconomicshub.com\/wp-content\/uploads\/2024\/10\/Foto-7-2048x1367.jpg 2048w\" sizes=\"(max-width: 1024px) 100vw, 1024px\" \/>\t\t\t\t\t\t\t\t\t\t\t\t\t<\/div>\n\t\t\t\t<\/div>\n\t\t\t\t<\/div>\n\t\t\t\t\t<\/div>\n\t\t\t\t<\/div>\n\t\t<div class=\"elementor-element elementor-element-207d193 e-flex e-con-boxed e-con e-parent\" data-id=\"207d193\" data-element_type=\"container\">\n\t\t\t\t\t<div class=\"e-con-inner\">\n\t\t\t\t<div class=\"elementor-element elementor-element-16c5407 elementor-widget elementor-widget-text-editor\" data-id=\"16c5407\" data-element_type=\"widget\" data-widget_type=\"text-editor.default\">\n\t\t\t\t<div class=\"elementor-widget-container\">\n\t\t\t\t\t\t\t<p><span style=\"font-weight: 400;\">Dr. B\u0103iescu is also trained and certified in two <\/span><b>methodologies<\/b><span style=\"font-weight: 400;\"> for changing behaviours: <\/span><b>BCW<\/b><span style=\"font-weight: 400;\">\u00a9 \u2013 Behaviour Change Wheel (University College London &#8211; UK, 2023 \u2013 2024) and the <\/span><b>BASIC<\/b><span style=\"font-weight: 400;\">\u00a9 framework (iNUDGEyou consulting company \u2013 Copenhagen, DK, 2023).<\/span><\/p><p><span style=\"font-weight: 400;\">In parallel, he has been developing an <\/span><b>academic career<\/b><span style=\"font-weight: 400;\">: he is both an <\/span><b>Associate Professor<\/b><span style=\"font-weight: 400;\"> at the Faculty of Economics and Business Administration, <\/span><b>Babe\u0219-Bolyai University<\/b><span style=\"font-weight: 400;\">\u00a0(Cluj-Napoca), teaching \u201c<\/span><i><span style=\"font-weight: 400;\">Behavioural Economics applied in Insurance\u201d<\/span><\/i><span style=\"font-weight: 400;\">, and for the <\/span><b>University of Buckingham<\/b><span style=\"font-weight: 400;\"> Executive MBA delivered\u00a0in Romania by TEE (Transilvania Executive Education).<\/span><\/p><p><span style=\"font-weight: 400;\">At TEE, Alin B\u0103iescu is the <\/span><b>Programme Director<\/b><span style=\"font-weight: 400;\"> of the \u201c<\/span><i><span style=\"font-weight: 400;\">Behavioural Economics in Practice<\/span><\/i><span style=\"font-weight: 400;\"> &#8211; Executive Training\u201d, since 2022.<\/span><\/p><p><span style=\"font-weight: 400;\">Dr. B\u0103iescu has been the author, co-author, or coordinator of 10 books, in areas such as insurance, management and business.\u00a0<\/span><\/p><p><span style=\"font-weight: 400;\">His professional activities were also recognized by a wide number of prizes and awards.<\/span><\/p>\t\t\t\t\t\t<\/div>\n\t\t\t\t<\/div>\n\t\t\t\t\t<\/div>\n\t\t\t\t<\/div>\n\t\t\t\t<\/div>\n\t\t","protected":false},"excerpt":{"rendered":"<p>Dr. Alin T. B\u0103iescu, MBA The Behavioural Economics HUB was founded in 2022, by Dr. Alin. T. B\u0103iescu, MBA. Dr. B\u0103iescu has\u00a0around 25 years of experience in the financial \u2013 insurance sector, in middle and top management positions, within well-known multinational corporations (such as AIG \/ MetLife &#8211; USA, Raiffeisen &#8211; Austria, Eureko \/ Achmea<\/p>\n","protected":false},"author":1,"featured_media":0,"parent":0,"menu_order":0,"comment_status":"closed","ping_status":"closed","template":"elementor_theme","meta":{"footnotes":""},"class_list":["post-571","page","type-page","status-publish","hentry"],"_links":{"self":[{"href":"https:\/\/behaviouraleconomicshub.com\/index.php\/wp-json\/wp\/v2\/pages\/571","targetHints":{"allow":["GET"]}}],"collection":[{"href":"https:\/\/behaviouraleconomicshub.com\/index.php\/wp-json\/wp\/v2\/pages"}],"about":[{"href":"https:\/\/behaviouraleconomicshub.com\/index.php\/wp-json\/wp\/v2\/types\/page"}],"author":[{"embeddable":true,"href":"https:\/\/behaviouraleconomicshub.com\/index.php\/wp-json\/wp\/v2\/users\/1"}],"replies":[{"embeddable":true,"href":"https:\/\/behaviouraleconomicshub.com\/index.php\/wp-json\/wp\/v2\/comments?post=571"}],"version-history":[{"count":8,"href":"https:\/\/behaviouraleconomicshub.com\/index.php\/wp-json\/wp\/v2\/pages\/571\/revisions"}],"predecessor-version":[{"id":1111,"href":"https:\/\/behaviouraleconomicshub.com\/index.php\/wp-json\/wp\/v2\/pages\/571\/revisions\/1111"}],"wp:attachment":[{"href":"https:\/\/behaviouraleconomicshub.com\/index.php\/wp-json\/wp\/v2\/media?parent=571"}],"curies":[{"name":"wp","href":"https:\/\/api.w.org\/{rel}","templated":true}]}}